{"id":11,"date":"2017-06-28T13:00:57","date_gmt":"2017-06-28T13:00:57","guid":{"rendered":"http:\/\/beitocamp.c2.demo1.no\/wordpress\/?page_id=11"},"modified":"2024-11-05T12:47:00","modified_gmt":"2024-11-05T12:47:00","slug":"hytter","status":"publish","type":"page","link":"http:\/\/beitocamp.no\/de\/hytter\/","title":{"rendered":"H\u00fctten"},"content":{"rendered":"<div id=\"pl-11\"  class=\"panel-layout\" ><div id=\"pg-11-0\"  class=\"panel-grid panel-no-style\" ><div id=\"pgc-11-0-0\"  class=\"panel-grid-cell\" ><div id=\"panel-11-0-0-0\" class=\"so-panel widget widget_sow-editor panel-first-child panel-last-child\" data-index=\"0\" ><div class=\"panel-widget-style panel-widget-style-for-11-0-0-0\" ><div\n\t\t\t\n\t\t\tclass=\"so-widget-sow-editor so-widget-sow-editor-base\"\n\t\t\t\n\t\t>\n<div class=\"siteorigin-widget-tinymce textwidget\">\n\t<p><\/strong><\/h4>\n<p><\/strong><\/h4>\n<p><span class=\"translation\">Alle unsere H\u00fctten sind gut ausgestattet. Wir bieten verschiedene Gr\u00f6\u00dfen von H\u00fctten und insgesamt haben wir Kapazit\u00e4t f\u00fcr 113 Personen. Alle H\u00fctten sind mit Kabel-TV und K\u00fchlschrank ausgestattet. Die K\u00fcchen sind grunds\u00e4tzlich f\u00fcr Ihren Aufenthalt ausgestattet. Zus\u00e4tzliche Annehmlichkeiten sind Dampfbad, Sauna, Massagesessel und Sonnenbank.<\/span><\/p>\n<ul class=\"policy-block__item-option-list\">\n<li class=\"policy-block__item-option\">Bis zu 14 Tage vor der Anreise k\u00f6nnen G\u00e4ste kostenfrei stornieren. Der Gast zahlt im Falle einer Stornierung in den 14 Tagen vor der Anreise 50 % des Gesamtpreises.\u00a0\u00a0Alle Preise verstehen sich inklusive Mehrwertsteuer<\/li>\n<li class=\"policy-block__item-option\"><a href=\"https:\/\/beitocamp.no\/de\/avbestillingsvilkar\/\">Stornierungsregeln<\/a>.<\/li>\n<\/ul>\n<h4><span class=\"translation\">Sie k\u00f6nnen die folgenden H\u00fctten mieten:\u00a0<\/span><strong><\/strong><\/h4>\n<\/div>\n<\/div><\/div><\/div><\/div><\/div><div id=\"pg-11-1\"  class=\"panel-grid panel-no-style\" ><div id=\"pgc-11-1-0\"  class=\"panel-grid-cell\" ><div id=\"panel-11-1-0-0\" class=\"so-panel widget widget_sow-image panel-first-child\" data-index=\"1\" ><div\n\t\t\t\n\t\t\tclass=\"so-widget-sow-image so-widget-sow-image-default-dbf295114b96-11\"\n\t\t\t\n\t\t>\n\n<div class=\"sow-image-container\">\n\t\t\t<a href=\"http:\/\/beitocamp.no\/hytter\/hytte-m-3-sengeplasser\/\"\n\t\t\t\t\t>\n\t\t\t<img loading=\"lazy\" decoding=\"async\" src=\"http:\/\/beitocamp.no\/wp-content\/uploads\/2018\/06\/hytter-21-24-sommer.jpg\" width=\"450\" height=\"420\" srcset=\"http:\/\/beitocamp.no\/wp-content\/uploads\/2018\/06\/hytter-21-24-sommer.jpg 3570w, http:\/\/beitocamp.no\/wp-content\/uploads\/2018\/06\/hytter-21-24-sommer-300x117.jpg 300w, http:\/\/beitocamp.no\/wp-content\/uploads\/2018\/06\/hytter-21-24-sommer-768x300.jpg 768w, http:\/\/beitocamp.no\/wp-content\/uploads\/2018\/06\/hytter-21-24-sommer-1024x400.jpg 1024w\" sizes=\"auto, (max-width: 450px) 100vw, 450px\" title=\"hytter 21 24 sommer\" alt=\"3 sengeplasser\" \t\tclass=\"so-widget-image\"\/>\n\t<\/a><\/div>\n\n<\/div><\/div><div id=\"panel-11-1-0-1\" class=\"so-panel widget widget_sow-editor panel-last-child\" data-index=\"2\" ><div\n\t\t\t\n\t\t\tclass=\"so-widget-sow-editor so-widget-sow-editor-base\"\n\t\t\t\n\t\t>\n<div class=\"siteorigin-widget-tinymce textwidget\">\n\t<h3 style=\"text-align: center;\">H\u00fctten - doppelbett\u00a0 etagenbett, 3 leute<\/h3>\n<p style=\"text-align: center;\"><a href=\"https:\/\/online.bookvisit.com\/accommodation\/list?channelId=e493f3ca-2ca5-42f2-be55-c33141309d25\" class=\"btn button btn-shortcode kad-btn kad-btn-primary\" id=\"kadbtn90\" target=\"_self\" style=\"background-color:#16a085;color:#FFF;\">Book<\/a> <a href=\"http:\/\/www.beitocamp.no\/hytter\/hytte-m-3-sengeplasser\/\" class=\"btn button btn-shortcode kad-btn kad-btn-primary\" id=\"kadbtn807\" target=\"_self\" style=\"background-color:#1e73be;color:#FFF;\">Mer Info<\/a><\/p>\n<\/div>\n<\/div><\/div><\/div><div id=\"pgc-11-1-1\"  class=\"panel-grid-cell\" ><div id=\"panel-11-1-1-0\" class=\"so-panel widget widget_sow-image panel-first-child\" data-index=\"3\" ><div\n\t\t\t\n\t\t\tclass=\"so-widget-sow-image so-widget-sow-image-default-dbf295114b96-11\"\n\t\t\t\n\t\t>\n\n<div class=\"sow-image-container\">\n\t\t\t<a href=\"http:\/\/beitocamp.no\/hytter\/hytter-m-5-sengeplasser\/\"\n\t\t\t\t\t>\n\t\t\t<img loading=\"lazy\" decoding=\"async\" src=\"http:\/\/beitocamp.no\/wp-content\/uploads\/2021\/04\/Hytte-2a-300x135.jpg\" width=\"300\" height=\"135\" srcset=\"http:\/\/beitocamp.no\/wp-content\/uploads\/2021\/04\/Hytte-2a-300x135.jpg 300w, http:\/\/beitocamp.no\/wp-content\/uploads\/2021\/04\/Hytte-2a-768x346.jpg 768w, http:\/\/beitocamp.no\/wp-content\/uploads\/2021\/04\/Hytte-2a-1024x461.jpg 1024w\" sizes=\"auto, (max-width: 300px) 100vw, 300px\" title=\"5 sengeplasser\" alt=\"\" \t\tclass=\"so-widget-image\"\/>\n\t<\/a><\/div>\n\n<\/div><\/div><div id=\"panel-11-1-1-1\" class=\"so-panel widget widget_sow-editor panel-last-child\" data-index=\"4\" ><div\n\t\t\t\n\t\t\tclass=\"so-widget-sow-editor so-widget-sow-editor-base\"\n\t\t\t\n\t\t>\n<div class=\"siteorigin-widget-tinymce textwidget\">\n\t<h3 style=\"text-align: center;\">H\u00fctten - 2 Schlafzimmer\u00a0 4 Betten 5 leuter<\/h3>\n<p><a href=\"https:\/\/online.bookvisit.com\/accommodation\/list?channelId=e493f3ca-2ca5-42f2-be55-c33141309d25\" class=\"btn button btn-shortcode kad-btn kad-btn-primary\" id=\"kadbtn261\" target=\"_self\" style=\"background-color:#16a085;color:#FFF;\">Book<\/a><a href=\"http:\/\/beitocamp.no\/hytter\/hytter-m-5-sengeplasser\/\" class=\"btn button btn-shortcode kad-btn kad-btn-primary\" id=\"kadbtn335\" target=\"_self\" style=\"background-color:#0000FF;color:#FFF;\">Mer Info<\/a><\/p>\n<h4 style=\"text-align: center;\"><strong><span style=\"color: #800000;\">\u00a0 \u00a0 \u00a0<\/span><\/strong><\/h4>\n<\/div>\n<\/div><\/div><\/div><div id=\"pgc-11-1-2\"  class=\"panel-grid-cell\" ><div id=\"panel-11-1-2-0\" class=\"so-panel widget widget_sow-image panel-first-child\" data-index=\"5\" ><div\n\t\t\t\n\t\t\tclass=\"so-widget-sow-image so-widget-sow-image-default-dbf295114b96-11\"\n\t\t\t\n\t\t>\n\n<div class=\"sow-image-container\">\n\t\t\t<a href=\"http:\/\/beitocamp.no\/hytter\/leiligheter-plass-til-5-6-personer\/\"\n\t\t\t\t\t>\n\t\t\t<img alt=\"\" \t\tclass=\"so-widget-image\"\/>\n\t<\/a><\/div>\n\n<\/div><\/div><div id=\"panel-11-1-2-1\" class=\"so-panel widget widget_sow-editor panel-last-child\" data-index=\"6\" ><div\n\t\t\t\n\t\t\tclass=\"so-widget-sow-editor so-widget-sow-editor-base\"\n\t\t\t\n\t\t>\n<div class=\"siteorigin-widget-tinymce textwidget\">\n\t<h3 style=\"text-align: center;\">Wohnungen: 2 schlafzimmer 3 zimmer\u00a0 5+1 leute<\/h3>\n<p style=\"text-align: center;\"><a href=\"https:\/\/online.bookvisit.com\/accommodation\/list?channelId=e493f3ca-2ca5-42f2-be55-c33141309d25\" class=\"btn button btn-shortcode kad-btn kad-btn-primary\" id=\"kadbtn383\" target=\"_self\" style=\"background-color:#16a085;color:#FFF;\">Book<\/a>\u00a0\u00a0 <a href=\"http:\/\/www.beitocamp.no\/hytter\/leiligheter-plass-til-5-6-personer\/\" class=\"btn button btn-shortcode kad-btn kad-btn-primary\" id=\"kadbtn676\" target=\"_self\" style=\"background-color:#1e73be;color:#FFF;\">Mer Info<\/a><\/p>\n<\/div>\n<\/div><\/div><\/div><\/div><div id=\"pg-11-2\"  class=\"panel-grid panel-no-style\" ><div id=\"pgc-11-2-0\"  class=\"panel-grid-cell\" ><div id=\"panel-11-2-0-0\" class=\"so-panel widget widget_sow-image panel-first-child panel-last-child\" data-index=\"7\" ><div\n\t\t\t\n\t\t\tclass=\"so-widget-sow-image so-widget-sow-image-default-a258e6bfa2d8-11\"\n\t\t\t\n\t\t>\n\n<div class=\"sow-image-container\">\n\t\t\t<a href=\"http:\/\/beitocamp.no\/hytter\/leiligheter-plass-til-5personer\/\"\n\t\t\t\t\t>\n\t\t\t<img loading=\"lazy\" decoding=\"async\" src=\"http:\/\/beitocamp.no\/wp-content\/uploads\/2017\/06\/Drengestogo-1-2-1.jpg\" width=\"1440\" height=\"1080\" srcset=\"http:\/\/beitocamp.no\/wp-content\/uploads\/2017\/06\/Drengestogo-1-2-1.jpg 1440w, http:\/\/beitocamp.no\/wp-content\/uploads\/2017\/06\/Drengestogo-1-2-1-300x225.jpg 300w, http:\/\/beitocamp.no\/wp-content\/uploads\/2017\/06\/Drengestogo-1-2-1-768x576.jpg 768w, http:\/\/beitocamp.no\/wp-content\/uploads\/2017\/06\/Drengestogo-1-2-1-1024x768.jpg 1024w\" sizes=\"auto, (max-width: 1440px) 100vw, 1440px\" title=\"Drengestogo 1 &#038; 2\" alt=\"\" \t\tclass=\"so-widget-image\"\/>\n\t<\/a><\/div>\n\n<\/div><\/div><\/div><div id=\"pgc-11-2-1\"  class=\"panel-grid-cell\" ><div id=\"panel-11-2-1-0\" class=\"so-panel widget widget_sow-editor panel-first-child panel-last-child\" data-index=\"8\" ><div\n\t\t\t\n\t\t\tclass=\"so-widget-sow-editor so-widget-sow-editor-base\"\n\t\t\t\n\t\t>\n<div class=\"siteorigin-widget-tinymce textwidget\">\n\t<h3 style=\"text-align: center;\">Wohnungen: 2 schlafzimmer 3 zimmer\u00a0 5 leute<\/h3>\n<p style=\"text-align: center;\"><a href=\"https:\/\/online.bookvisit.com\/accommodation\/list?channelId=e493f3ca-2ca5-42f2-be55-c33141309d25\" class=\"btn button btn-shortcode kad-btn kad-btn-primary\" id=\"kadbtn223\" target=\"_self\" style=\"background-color:#16a085;color:#FFF;\">Book<\/a>\u00a0\u00a0 <a href=\"http:\/\/www.beitocamp.no\/hytter\/leiligheter-plass-til-5-6-personer\/\" class=\"btn button btn-shortcode kad-btn kad-btn-primary\" id=\"kadbtn762\" target=\"_self\" style=\"background-color:#1e73be;color:#FFF;\">Mer Info<\/a><\/p>\n<\/div>\n<\/div><\/div><\/div><\/div><div id=\"pg-11-3\"  class=\"panel-grid panel-no-style\" ><div id=\"pgc-11-3-0\"  class=\"panel-grid-cell\" ><div id=\"panel-11-3-0-0\" class=\"so-panel widget widget_sow-image panel-first-child panel-last-child\" data-index=\"9\" ><div\n\t\t\t\n\t\t\tclass=\"so-widget-sow-image so-widget-sow-image-default-a258e6bfa2d8-11\"\n\t\t\t\n\t\t>\n\n<div class=\"sow-image-container\">\n\t\t\t<a href=\"http:\/\/beitocamp.no\/hytter\/leiligheter-plass-til-5personer\/\"\n\t\t\t\t\t>\n\t\t\t<img loading=\"lazy\" decoding=\"async\" src=\"http:\/\/beitocamp.no\/wp-content\/uploads\/2022\/11\/20221009_112701.jpg\" width=\"4128\" height=\"1908\" srcset=\"http:\/\/beitocamp.no\/wp-content\/uploads\/2022\/11\/20221009_112701.jpg 4128w, http:\/\/beitocamp.no\/wp-content\/uploads\/2022\/11\/20221009_112701-300x139.jpg 300w, http:\/\/beitocamp.no\/wp-content\/uploads\/2022\/11\/20221009_112701-768x355.jpg 768w, http:\/\/beitocamp.no\/wp-content\/uploads\/2022\/11\/20221009_112701-1024x473.jpg 1024w\" sizes=\"auto, (max-width: 4128px) 100vw, 4128px\" alt=\"\" \t\tclass=\"so-widget-image\"\/>\n\t<\/a><\/div>\n\n<\/div><\/div><\/div><div id=\"pgc-11-3-1\"  class=\"panel-grid-cell\" ><div id=\"panel-11-3-1-0\" class=\"so-panel widget widget_sow-editor panel-first-child panel-last-child\" data-index=\"10\" ><div\n\t\t\t\n\t\t\tclass=\"so-widget-sow-editor so-widget-sow-editor-base\"\n\t\t\t\n\t\t>\n<div class=\"siteorigin-widget-tinymce textwidget\">\n\t<h3 style=\"text-align: center;\"><\/h3>\n<h3 style=\"text-align: center;\"><\/h3>\n<h3 style=\"text-align: center;\"><\/h3>\n<h3 style=\"text-align: center;\"><\/h3>\n<h3 style=\"text-align: center;\"><\/h3>\n<h3 style=\"text-align: center;\"><\/h3>\n<h3 style=\"text-align: center;\"><\/h3>\n<h3 style=\"text-align: center;\"><\/h3>\n<h3 style=\"text-align: center;\">Wohnungen:\u00a04 schlafzimmer\u00a08 zimmer\u00a0 12\u00a0leute<\/h3>\n<p style=\"text-align: center;\"><a href=\"https:\/\/online.bookvisit.com\/accommodation\/list?channelId=e493f3ca-2ca5-42f2-be55-c33141309d25\" class=\"btn button btn-shortcode kad-btn kad-btn-primary\" id=\"kadbtn305\" target=\"_self\" style=\"background-color:#16a085;color:#FFF;\">Book<\/a>\u00a0\u00a0 <a href=\"http:\/\/www.beitocamp.no\/hytter\/leiligheter-plass-til-5-6-personer\/\" class=\"btn button btn-shortcode kad-btn kad-btn-primary\" id=\"kadbtn988\" target=\"_self\" style=\"background-color:#1e73be;color:#FFF;\">Mer Info<\/a><\/p>\n<\/div>\n<\/div><\/div><\/div><\/div><\/div>","protected":false},"excerpt":{"rendered":"<p>Alle unsere H\u00fctten sind gut ausgestattet. Wir bieten verschiedene Gr\u00f6\u00dfen von H\u00fctten und insgesamt haben wir Kapazit\u00e4t f\u00fcr 113 Personen. Alle H\u00fctten sind mit Kabel-TV und K\u00fchlschrank ausgestattet. Die K\u00fcchen sind grunds\u00e4tzlich f\u00fcr Ihren Aufenthalt ausgestattet. Zus\u00e4tzliche Annehmlichkeiten sind Dampfbad, &hellip; <a class=\"kt-excerpt-readmore more-link\" href=\"http:\/\/beitocamp.no\/de\/hytter\/\">Read More<\/a><\/p>\n","protected":false},"author":1,"featured_media":0,"parent":0,"menu_order":0,"comment_status":"closed","ping_status":"closed","template":"","meta":{"footnotes":""},"class_list":["post-11","page","type-page","status-publish","hentry"],"_links":{"self":[{"href":"http:\/\/beitocamp.no\/de\/wp-json\/wp\/v2\/pages\/11","targetHints":{"allow":["GET"]}}],"collection":[{"href":"http:\/\/beitocamp.no\/de\/wp-json\/wp\/v2\/pages"}],"about":[{"href":"http:\/\/beitocamp.no\/de\/wp-json\/wp\/v2\/types\/page"}],"author":[{"embeddable":true,"href":"http:\/\/beitocamp.no\/de\/wp-json\/wp\/v2\/users\/1"}],"replies":[{"embeddable":true,"href":"http:\/\/beitocamp.no\/de\/wp-json\/wp\/v2\/comments?post=11"}],"version-history":[{"count":402,"href":"http:\/\/beitocamp.no\/de\/wp-json\/wp\/v2\/pages\/11\/revisions"}],"predecessor-version":[{"id":2643,"href":"http:\/\/beitocamp.no\/de\/wp-json\/wp\/v2\/pages\/11\/revisions\/2643"}],"wp:attachment":[{"href":"http:\/\/beitocamp.no\/de\/wp-json\/wp\/v2\/media?parent=11"}],"curies":[{"name":"wp","href":"https:\/\/api.w.org\/{rel}","templated":true}]}}