{"id":8,"date":"2017-06-28T12:58:24","date_gmt":"2017-06-28T12:58:24","guid":{"rendered":"http:\/\/beitocamp.c2.demo1.no\/wordpress\/?page_id=8"},"modified":"2022-12-23T07:18:58","modified_gmt":"2022-12-23T07:18:58","slug":"aktiviteter","status":"publish","type":"page","link":"http:\/\/beitocamp.no\/de\/aktiviteter\/","title":{"rendered":"Aktivit\u00e4ten"},"content":{"rendered":"<div id=\"pl-8\"  class=\"panel-layout\" ><div id=\"pg-8-0\"  class=\"panel-grid panel-has-style\" ><div class=\"panel-row-style panel-row-style-for-8-0\" ><div id=\"pgc-8-0-0\"  class=\"panel-grid-cell\" ><div id=\"panel-8-0-0-0\" class=\"so-panel widget widget_sow-editor panel-first-child panel-last-child\" data-index=\"0\" ><div class=\"panel-widget-style panel-widget-style-for-8-0-0-0\" ><div\n\t\t\t\n\t\t\tclass=\"so-widget-sow-editor so-widget-sow-editor-base\"\n\t\t\t\n\t\t><h3 class=\"widget-title\">Synshorn Via Ferrata<\/h3>\n<div class=\"siteorigin-widget-tinymce textwidget\">\n\t<h1 class=\"DrjyGw-P _1SRa-qNz qf3QTY0F\"><a href=\"https:\/\/www.visitbeitostolen.no\/stories\/det-skjer-pa-beitostolen-jul-og-nyttar-2022\/\"><span class=\"_1GJr7wA4\">Ting \u00e5 gj\u00f8re i Beitost\u00f8len<\/span><\/a>\u00a0\u00a0<a href=\"https:\/\/www.beitostolenvel.no\/shuttlebuss-beitostolen\/\" rel=\"bookmark\">Shuttlebuss Beitost\u00f8len<\/a><\/h1>\n<p>  Die moderne Variante von <a href=\"https:\/\/www.synshorn.no\/\" target=\"_blank\">Via Ferrata<\/a> ist eine organisierte Route mit festen Verbindungselementen wie Stahldraht und Stahltr\u00e4gern.<\/p>\n<div><\/div>\n<\/div>\n<\/div><\/div><\/div><\/div><\/div><\/div><div id=\"pg-8-1\"  class=\"panel-grid panel-has-style\" ><div class=\"siteorigin-panels-stretch panel-row-style panel-row-style-for-8-1\" data-stretch-type=\"full\" ><div id=\"pgc-8-1-0\"  class=\"panel-grid-cell\" ><div id=\"panel-8-1-0-0\" class=\"so-panel widget widget_sow-editor panel-first-child panel-last-child\" data-index=\"1\" ><div class=\"panel-widget-style panel-widget-style-for-8-1-0-0\" ><div\n\t\t\t\n\t\t\tclass=\"so-widget-sow-editor so-widget-sow-editor-base\"\n\t\t\t\n\t\t><h3 class=\"widget-title\">Hundeschlitten<\/h3>\n<div class=\"siteorigin-widget-tinymce textwidget\">\n\t<p><span class=\"translation\">Wenn Sie sich f\u00fcr eine Hundeschlittenfahrt interessieren, empfehlen wir Ihnen Beito Husky Tours. Hundeschlitten k\u00f6nnen auch mit anderen Veranstaltungen im Jotnetunet arrangiert werden.<\/span><\/p>\n<p><span style=\"font-family: verdana,tahoma;\"><span class=\"style4\">\u00a0<\/span><\/span><\/p>\n<\/div>\n<\/div><\/div><\/div><\/div><\/div><\/div><div id=\"pg-8-2\"  class=\"panel-grid panel-has-style\" ><div class=\"siteorigin-panels-stretch panel-row-style panel-row-style-for-8-2\" data-stretch-type=\"full\" ><div id=\"pgc-8-2-0\"  class=\"panel-grid-cell\" ><div id=\"panel-8-2-0-0\" class=\"so-panel widget widget_sow-editor panel-first-child panel-last-child\" data-index=\"2\" ><div class=\"panel-widget-style panel-widget-style-for-8-2-0-0\" ><div\n\t\t\t\n\t\t\tclass=\"so-widget-sow-editor so-widget-sow-editor-base\"\n\t\t\t\n\t\t><h3 class=\"widget-title\">Fjellrittet - Reiten<\/h3>\n<div class=\"siteorigin-widget-tinymce textwidget\">\n\t<p><\/span><span class=\"translation\">Fjellrittet bietet mehrt\u00e4gige Pferdewanderungen durch spektakul\u00e4re Natur um Valdres und Jotunheimen. Die Touren sind so angeordnet, dass wir von Ort zu Ort reiten und \u00fcber Nacht in Lodges, H\u00fctten, Hotels oder Camping in lavvos schlafen. Alles Gep\u00e4ck wird mit einem Kurier versendet und wir haben Satteltaschen f\u00fcr das, was wir f\u00fcr den Tag brauchen<\/span><\/p>\n<p><span id=\"result_box\" lang=\"en\"><\/span><\/p>\n<p><span style=\"font-family: verdana,tahoma;\"><span class=\"style4\">\u00a0<\/span><\/span><\/p>\n<\/div>\n<\/div><\/div><\/div><\/div><\/div><\/div><div id=\"pg-8-3\"  class=\"panel-grid panel-has-style\" ><div class=\"siteorigin-panels-stretch panel-row-style panel-row-style-for-8-3\" data-stretch-type=\"full\" ><div id=\"pgc-8-3-0\"  class=\"panel-grid-cell\" ><div id=\"panel-8-3-0-0\" class=\"so-panel widget widget_sow-editor panel-first-child panel-last-child\" data-index=\"3\" ><div class=\"panel-widget-style panel-widget-style-for-8-3-0-0\" ><div\n\t\t\t\n\t\t\tclass=\"so-widget-sow-editor so-widget-sow-editor-base\"\n\t\t\t\n\t\t><h3 class=\"widget-title\">Schlittenfahrten<\/h3>\n<div class=\"siteorigin-widget-tinymce textwidget\">\n\t<p><span class=\"translation\">Wenn Sie eine Reise nach Beitost\u00f8len Winterzeit m\u00f6chten, dann k\u00f6nnen wir Ihnen ein Kreuzfahrtschiff anbieten. Wir bieten eine <a href=\"https:\/\/www.fjellrittet.no\/de\/kanefart\/\">schwerm\u00fctige Reise mit Fackeln<\/a> und Hanteln im Winterabend. Kleine und gro\u00dfe Gruppen sind willkommen in unserem Rodeln.<\/span><\/p>\n<p><span style=\"font-family: verdana,tahoma;\"><span class=\"style4\">\u00a0<\/span><\/span><\/p>\n<\/div>\n<\/div><\/div><\/div><\/div><\/div><\/div><div id=\"pg-8-4\"  class=\"panel-grid panel-has-style\" ><div class=\"siteorigin-panels-stretch panel-row-style panel-row-style-for-8-4\" data-stretch-type=\"full\" ><div id=\"pgc-8-4-0\"  class=\"panel-grid-cell\" ><div id=\"panel-8-4-0-0\" class=\"so-panel widget widget_sow-editor panel-first-child panel-last-child\" data-index=\"4\" ><div class=\"panel-widget-style panel-widget-style-for-8-4-0-0\" ><div\n\t\t\t\n\t\t\tclass=\"so-widget-sow-editor so-widget-sow-editor-base\"\n\t\t\t\n\t\t>\n<div class=\"siteorigin-widget-tinymce textwidget\">\n\t<p><\/span><span class=\"translation\">In Beitost\u00f8len finden Sie viele Aktivit\u00e4ten im Sommer und Winter f\u00fcr alle Altersgruppen. Im Winter bietet Beitost\u00f8len einige der besten Langlauf in Norwegen sowie ein alpines Zentrum mit Skiliften. Ein paar Kilometer von Beitost\u00f8len entfernt liegt der alpine Ferienort Raudalen mit steileren Pisten und einem hervorragenden Skifahren. Dar\u00fcber hinaus gibt es lange Pisten in der Gegend um Beitost\u00f8len. Wir befinden uns ganz in der N\u00e4he des Jotunheimen Nationalparks, der tolle Skitourenm\u00f6glichkeiten bietet. Genie\u00dfen Sie einen Abend Apres Ski bei Hytte Mat &amp; Vinhus; befindet sich auf unserem Campingplatz, der norwegisches Essen in einer traditionellen Umgebung bietet. Im Sommer haben Sie auch viele M\u00f6glichkeiten. Beitost\u00f8len ist ein idealer Ausgangspunkt f\u00fcr diejenigen, die den Jotunheimen Nationalpark erkunden m\u00f6chten, ob Sie planen, eine Wanderung zu machen, den ber\u00fchmten Besseggenweg zu erkunden oder einfach nur eine Hin- und R\u00fcckfahrt am Gjende-See zu machen, f\u00fcr jeden ist etwas dabei. Mit so vielen Angelseen und Fl\u00fcssen zur Auswahl, ist Beitost\u00f8len ein Eldorado f\u00fcr Angler-Enthusiasten. Sie k\u00f6nnen auch eine Angelkarte an der Campingplatz-Rezeption kaufen. Die Stadt Beitost\u00f8len bietet viele Gesch\u00e4fte, Nachtleben und Restaurants und bietet f\u00fcr jeden etwas.<\/span><\/p>\n<p><span lang=\"en\"><br \/><\/span><\/p>\n<\/div>\n<\/div><\/div><\/div><\/div><\/div><\/div><div id=\"pg-8-5\"  class=\"panel-grid panel-no-style\" ><div id=\"pgc-8-5-0\"  class=\"panel-grid-cell\" ><div id=\"panel-8-5-0-0\" class=\"so-panel widget widget_sow-editor panel-first-child panel-last-child\" data-index=\"5\" ><div\n\t\t\t\n\t\t\tclass=\"so-widget-sow-editor so-widget-sow-editor-base\"\n\t\t\t\n\t\t>\n<div class=\"siteorigin-widget-tinymce textwidget\">\n\t<p align=\"center\"><span class=\"translation\">Informieren Sie sich \u00fcber weitere Aktivit\u00e4ten, indem Sie sich an die T<a href=\"http:\/\/www.valdres.no\">ouristischen Informationen<\/a><\/span><\/p>\n<h1 align=\"center\">Velkommen!<\/h1>\n<\/div>\n<\/div><\/div><\/div><\/div><\/div>","protected":false},"excerpt":{"rendered":"<p>Ting \u00e5 gj\u00f8re i Beitost\u00f8len\u00a0\u00a0Shuttlebuss Beitost\u00f8len Die moderne Variante von Via Ferrata ist eine organisierte Route mit festen Verbindungselementen wie Stahldraht und Stahltr\u00e4gern. Wenn Sie sich f\u00fcr eine Hundeschlittenfahrt interessieren, empfehlen wir Ihnen Beito Husky Tours. Hundeschlitten k\u00f6nnen auch mit &hellip; <a class=\"kt-excerpt-readmore more-link\" href=\"http:\/\/beitocamp.no\/de\/aktiviteter\/\">Read More<\/a><\/p>\n","protected":false},"author":1,"featured_media":54,"parent":0,"menu_order":0,"comment_status":"closed","ping_status":"closed","template":"","meta":{"footnotes":""},"class_list":["post-8","page","type-page","status-publish","has-post-thumbnail","hentry"],"_links":{"self":[{"href":"http:\/\/beitocamp.no\/de\/wp-json\/wp\/v2\/pages\/8","targetHints":{"allow":["GET"]}}],"collection":[{"href":"http:\/\/beitocamp.no\/de\/wp-json\/wp\/v2\/pages"}],"about":[{"href":"http:\/\/beitocamp.no\/de\/wp-json\/wp\/v2\/types\/page"}],"author":[{"embeddable":true,"href":"http:\/\/beitocamp.no\/de\/wp-json\/wp\/v2\/users\/1"}],"replies":[{"embeddable":true,"href":"http:\/\/beitocamp.no\/de\/wp-json\/wp\/v2\/comments?post=8"}],"version-history":[{"count":119,"href":"http:\/\/beitocamp.no\/de\/wp-json\/wp\/v2\/pages\/8\/revisions"}],"predecessor-version":[{"id":2532,"href":"http:\/\/beitocamp.no\/de\/wp-json\/wp\/v2\/pages\/8\/revisions\/2532"}],"wp:featuredmedia":[{"embeddable":true,"href":"http:\/\/beitocamp.no\/de\/wp-json\/wp\/v2\/media\/54"}],"wp:attachment":[{"href":"http:\/\/beitocamp.no\/de\/wp-json\/wp\/v2\/media?parent=8"}],"curies":[{"name":"wp","href":"https:\/\/api.w.org\/{rel}","templated":true}]}}