{"id":2559,"date":"2023-03-09T07:43:15","date_gmt":"2023-03-09T07:43:15","guid":{"rendered":"http:\/\/beitocamp.no\/?page_id=2559"},"modified":"2023-07-03T15:45:19","modified_gmt":"2023-07-03T15:45:19","slug":"avbestillingsvilkar","status":"publish","type":"page","link":"https:\/\/beitocamp.no\/de\/hytter\/avbestillingsvilkar\/","title":{"rendered":"Camping rom"},"content":{"rendered":"<p>&nbsp;<\/p>\n<pre id=\"tw-target-text\" class=\"tw-data-text tw-text-large tw-ta\" dir=\"ltr\" data-placeholder=\"Oversettelse\"><\/pre>\n<p>&nbsp;<\/p>\n<p>Strnierungsregeln<\/p>\n<pre id=\"tw-target-text\" class=\"tw-data-text tw-text-large tw-ta\" dir=\"ltr\" data-placeholder=\"Oversettelse\"><span class=\"Y2IQFc\" lang=\"de\">Stornierungsbedingungen\r\n\r\n\r\n\u00a71 Bei K\u00fcndigung sp\u00e4testens 1 Monat. vor Anreise wird die Anzahlung vollst\u00e4ndig zur\u00fcckerstattet.\r\n\r\n\u00a72 Bei Stornierung bis 2 Wochen vor Anreise werden 50 % des Mietpreises in Rechnung gestellt.\r\n\r\n\u00a73 Bei einer Stornierung sp\u00e4ter als 2 Wochen vor dem Ankunftsdatum m\u00fcssen Sie den Aufenthalt vollst\u00e4ndig bezahlen.\r\n\r\nVorauszahlung:\r\nDie Vorauszahlung erfolgt bei der Ankunft an der Rezeption.\r\n\r\nBedingungen - Allgemeine Bedingungen\r\n\u00a71 Der best\u00e4tigte Preis gilt unter der Voraussetzung, dass das Mietobjekt nicht f\u00fcr mehr Personen genutzt werden soll, als f\u00fcr es vorgesehen ist. M\u00f6gliche Zuschl\u00e4ge nach aktuellen Preisen.\r\n\r\n\u00a72 Am Abreisetag muss der Check-out bis sp\u00e4testens 11.00 Uhr oder nach Vereinbarung erfolgen. (um 1200 f\u00fcr Campingeinheiten). Wenn G\u00e4ste ihre Abreise beschleunigen m\u00f6chten, gem gebuchtem Abreisetag wird die Miete nicht zur\u00fcckerstattet was bestellt und best\u00e4tigt wurde.\r\n\r\n\u00a73 Der Check-in ist nach 15:00 Uhr garantiert. (Die Einheit kann fr\u00fcher bezugsfertig sein.) (Bitte informieren Sie uns, wenn Sie nach 18:00 Uhr anreisen). Die Miete wird bei der Ankunft an der Rezeption bezahlt.\r\n\r\n\u00a74 __________\r\n\r\n\u00a75 Ankunftsdatum ist das Datum, ab dem das Mietobjekt reserviert ist.\r\n\r\n\u00a76 Best\u00e4tigte Buchung gilt nur f\u00fcr gebuchtes Zimmer\/Kabine Standard. Anfragen zur Anmietung einer bestimmten Kabinennummer\/Zimmernummer werden nach M\u00f6glichkeit ber\u00fccksichtigt, k\u00f6nnen jedoch nicht garantiert\/best\u00e4tigt werden.\r\n\r\n\u00a77 Beitost\u00f8len H\u00fctten und Camping bittet um Ihr Verst\u00e4ndnis, dass Fehler oder M\u00e4ngel, die w\u00e4hrend des Urlaubs am Mietobjekt auftreten k\u00f6nnen, nicht am selben Tag behoben werden k\u00f6nnen. Grund daf\u00fcr sind Betriebsferien auch bei unseren Lieferanten.\r\n\r\n\u00a78 Beitost\u00f8len H\u00fctten und Camping beh\u00e4lt sich das Recht vor, seine regul\u00e4ren Lieferanten zu verwenden.\r\n\r\n\u00a79 Beitost\u00f8len H\u00fctten und Camping lehnt jede Haftung f\u00fcr Verlust oder Besch\u00e4digung von in der Mieteinheit aufbewahrten Wertsachen\/Verm\u00f6gensgegenst\u00e4nden sowie f\u00fcr die in \u00a7 6 und \u00a7 7 genannten Bedingungen ab. Beitost\u00f8len H\u00fctten und Camping kann nach eigenem Ermessen Schadensersatz leisten solch.\r\n\r\n\u00a710 Beitost\u00f8len H\u00fctten und Camping lehnt jede Verantwortung f\u00fcr Bedingungen ab, die au\u00dferhalb unserer Kontrolle liegen.\r\n\r\n\u00a711 Mit der Anmeldung\/Bestellung gelten diese AGB als akzeptiert. Bei Vorbestellung kann die Bestellung innerhalb von 24 Stunden kostenlos storniert werden, wenn die Bedingungen nicht akzeptiert werden.<\/span><\/pre>\n<p>&nbsp;<\/p>\n<pre id=\"tw-target-text\" class=\"tw-data-text tw-text-large tw-ta\" dir=\"ltr\" data-placeholder=\"Oversettelse\"><\/pre>\n<p>&nbsp;","protected":false},"excerpt":{"rendered":"<p>&nbsp; &nbsp; Strnierungsregeln Stornierungsbedingungen \u00a71 Bei K\u00fcndigung sp\u00e4testens 1 Monat. vor Anreise wird die Anzahlung vollst\u00e4ndig zur\u00fcckerstattet. \u00a72 Bei Stornierung bis 2 Wochen vor Anreise werden 50 % des Mietpreises in Rechnung gestellt. \u00a73 Bei einer Stornierung sp\u00e4ter als 2 &hellip; <a class=\"kt-excerpt-readmore more-link\" href=\"https:\/\/beitocamp.no\/de\/hytter\/avbestillingsvilkar\/\">Read More<\/a><\/p>\n","protected":false},"author":1,"featured_media":0,"parent":11,"menu_order":0,"comment_status":"closed","ping_status":"closed","template":"","meta":{"footnotes":""},"class_list":["post-2559","page","type-page","status-publish","hentry"],"_links":{"self":[{"href":"https:\/\/beitocamp.no\/de\/wp-json\/wp\/v2\/pages\/2559","targetHints":{"allow":["GET"]}}],"collection":[{"href":"https:\/\/beitocamp.no\/de\/wp-json\/wp\/v2\/pages"}],"about":[{"href":"https:\/\/beitocamp.no\/de\/wp-json\/wp\/v2\/types\/page"}],"author":[{"embeddable":true,"href":"https:\/\/beitocamp.no\/de\/wp-json\/wp\/v2\/users\/1"}],"replies":[{"embeddable":true,"href":"https:\/\/beitocamp.no\/de\/wp-json\/wp\/v2\/comments?post=2559"}],"version-history":[{"count":3,"href":"https:\/\/beitocamp.no\/de\/wp-json\/wp\/v2\/pages\/2559\/revisions"}],"predecessor-version":[{"id":2592,"href":"https:\/\/beitocamp.no\/de\/wp-json\/wp\/v2\/pages\/2559\/revisions\/2592"}],"up":[{"embeddable":true,"href":"https:\/\/beitocamp.no\/de\/wp-json\/wp\/v2\/pages\/11"}],"wp:attachment":[{"href":"https:\/\/beitocamp.no\/de\/wp-json\/wp\/v2\/media?parent=2559"}],"curies":[{"name":"wp","href":"https:\/\/api.w.org\/{rel}","templated":true}]}}